{"id":75,"date":"2023-03-10T21:51:10","date_gmt":"2023-03-10T20:51:10","guid":{"rendered":"http:\/\/stage-handling.fr\/?page_id=75"},"modified":"2023-03-15T20:45:06","modified_gmt":"2023-03-15T19:45:06","slug":"calendrier-des-stages","status":"publish","type":"page","link":"https:\/\/stage-handling.fr\/index.php\/calendrier-des-stages\/","title":{"rendered":"Calendrier des stages"},"content":{"rendered":"\n<div class=\"wp-block-group has-global-padding is-layout-constrained wp-block-group-is-layout-constrained\">\n<h3 class=\"alignfull has-text-align-center has-link-color wp-block-heading wp-elements-58164202d3a6255579ca4e9d9fe624d1\" style=\"font-style:normal;font-weight:500\">Si vous souhaitez vous inscrire \u00e0 l&rsquo;une des dates propos\u00e9es, je vous invite \u00e0 me <a href=\"http:\/\/stage-handling.fr\/index.php\/contact\/\" data-type=\"page\" data-id=\"81\">Contacter<\/a><\/h3>\n\n\n\n<iframe loading=\"lazy\" src=\"https:\/\/calendar.google.com\/calendar\/embed?src=d9207043f51a63bec00b27d81a8aa9423bb3ee7fd20647b45d17293a98e379b7%40group.calendar.google.com&amp;ctz=Europe%2FParis\" style=\"border: 0\" width=\"800\" height=\"600\" frameborder=\"0\" scrolling=\"no\"><\/iframe>\n<\/div>\n","protected":false},"excerpt":{"rendered":"<p>Si vous souhaitez vous inscrire \u00e0 l&rsquo;une des dates propos\u00e9es, je vous invite \u00e0 me Contacter<\/p>\n","protected":false},"author":1,"featured_media":0,"parent":0,"menu_order":0,"comment_status":"closed","ping_status":"closed","template":"","meta":{"_EventAllDay":false,"_EventTimezone":"","_EventStartDate":"","_EventEndDate":"","_EventStartDateUTC":"","_EventEndDateUTC":"","_EventShowMap":false,"_EventShowMapLink":false,"_EventURL":"","_EventCost":"","_EventCostDescription":"","_EventCurrencySymbol":"","_EventCurrencyCode":"","_EventCurrencyPosition":"","_EventDateTimeSeparator":"","_EventTimeRangeSeparator":"","_EventOrganizerID":[],"_EventVenueID":0,"_OrganizerEmail":"","_OrganizerPhone":"","_OrganizerWebsite":"","_VenueAddress":"","_VenueCity":"","_VenueCountry":"","_VenueProvince":"","_VenueZip":"","_VenuePhone":"","_VenueURL":"","_VenueStateProvince":"","_VenueLat":"","_VenueLng":"","footnotes":""},"class_list":["post-75","page","type-page","status-publish","hentry"],"aioseo_notices":[],"_links":{"self":[{"href":"https:\/\/stage-handling.fr\/index.php\/wp-json\/wp\/v2\/pages\/75","targetHints":{"allow":["GET"]}}],"collection":[{"href":"https:\/\/stage-handling.fr\/index.php\/wp-json\/wp\/v2\/pages"}],"about":[{"href":"https:\/\/stage-handling.fr\/index.php\/wp-json\/wp\/v2\/types\/page"}],"author":[{"embeddable":true,"href":"https:\/\/stage-handling.fr\/index.php\/wp-json\/wp\/v2\/users\/1"}],"replies":[{"embeddable":true,"href":"https:\/\/stage-handling.fr\/index.php\/wp-json\/wp\/v2\/comments?post=75"}],"version-history":[{"count":8,"href":"https:\/\/stage-handling.fr\/index.php\/wp-json\/wp\/v2\/pages\/75\/revisions"}],"predecessor-version":[{"id":126,"href":"https:\/\/stage-handling.fr\/index.php\/wp-json\/wp\/v2\/pages\/75\/revisions\/126"}],"wp:attachment":[{"href":"https:\/\/stage-handling.fr\/index.php\/wp-json\/wp\/v2\/media?parent=75"}],"curies":[{"name":"wp","href":"https:\/\/api.w.org\/{rel}","templated":true}]}}